{"id":84,"date":"2013-08-11T19:06:15","date_gmt":"2013-08-11T19:06:15","guid":{"rendered":"http:\/\/localhost:8888\/test\/?page_id=520"},"modified":"2023-08-12T02:09:44","modified_gmt":"2023-08-12T02:09:44","slug":"ve-chung-toi","status":"publish","type":"page","link":"https:\/\/noithat58.mauthemewp.com\/?page_id=84","title":{"rendered":"Gi\u1edbi thi\u1ec7u"},"content":{"rendered":"\n  <div class=\"banner has-hover\" id=\"banner-909955817\">\n          <div class=\"banner-inner fill\">\n        <div class=\"banner-bg fill\" >\n            <div class=\"bg fill bg-fill \"><\/div>\n                                    \n                    <\/div>\n\t\t\n        <div class=\"banner-layers container\">\n            <div class=\"fill banner-link\"><\/div>            \n   <div id=\"text-box-1682002702\" class=\"text-box banner-layer x50 md-x50 lg-x50 y50 md-y50 lg-y50 res-text\">\n                                <div class=\"text-box-content text dark\">\n              \n              <div class=\"text-inner text-center\">\n                  \n\t<div id=\"text-286807135\" class=\"text\">\n\t\t\n<h3 class=\"uppercase\"><strong>Ki\u1ebfn tr\u00fac &amp; n\u1ed9i th\u1ea5t S6 GROUP<\/strong><\/h3>\n<p>Ki\u1ebfn t\u1ea1o kh\u00f4ng gian s\u1ed1ng<\/p>\n\t\t\n<style>\n#text-286807135 {\n  color: rgb(255,255,255);\n}\n#text-286807135 > * {\n  color: rgb(255,255,255);\n}\n<\/style>\n\t<\/div>\n\t\n              <\/div>\n           <\/div>\n                            \n<style>\n#text-box-1682002702 {\n  width: 60%;\n}\n#text-box-1682002702 .text-box-content {\n  font-size: 100%;\n}\n<\/style>\n    <\/div>\n \n        <\/div>\n      <\/div>\n\n            \n<style>\n#banner-909955817 {\n  padding-top: 500px;\n}\n#banner-909955817 .bg.bg-loaded {\n  background-image: url(https:\/\/noithat58.mauthemewp.com\/wp-content\/uploads\/2023\/08\/a31-1131x800.jpg);\n}\n#banner-909955817 .ux-shape-divider--top svg {\n  height: 150px;\n  --divider-top-width: 100%;\n}\n#banner-909955817 .ux-shape-divider--bottom svg {\n  height: 150px;\n  --divider-width: 100%;\n}\n<\/style>\n  <\/div>\n\n\n<p>&nbsp;<\/p>\n<p style=\"text-align: center;\"><strong><span style=\"font-size: 20px; color: #ed1c24;\">GI\u1edaI THI\u1ec6U<\/span><\/strong><\/p>\n<p>L\u1eddi \u0111\u1ea7u ti\u00ean, S6 GROUP xin g\u1eedi l\u1eddi tri \u00e2n ch\u00e2n th\u00e0nh t\u1edbi qu\u00fd kh\u00e1ch h\u00e0ng \u0111\u00e3 v\u00e0 \u0111ang \u0111\u1ed3ng h\u00e0nh c\u00f9ng ch\u00fang t\u00f4i trong su\u1ed1t th\u1eddi gian qua.<\/p>\n<p>L\u00e0 \u0111\u01a1n v\u1ecb chuy\u00ean s\u00e2u v\u1ec1 Thi\u1ebft k\u1ebf v\u00e0 Thi c\u00f4ng N\u1ed9i Th\u1ea5t \u2013 Ngo\u1ea1i Th\u1ea5t, \u0110\u1ed9i ng\u0169 S6 GROUP lu\u00f4n l\u00e0m vi\u1ec7c v\u1edbi t\u00e2m th\u1ebf \u0111am m\u00ea ngh\u1ec1, \u0111\u00f3 l\u00e0 \u0111i\u1ec1u quan tr\u1ecdng \u0111\u1ec3 th\u00e0nh c\u00f4ng trong b\u1ea5t k\u1ef3 l\u0129nh v\u1ef1c n\u00e0o. Ch\u00fang t\u00f4i lu\u00f4n \u0111\u1eb7t ni\u1ec1m \u0111am m\u00ea v\u00e0 t\u00e2m huy\u1ebft c\u1ee7a m\u00ecnh v\u00e0o t\u1eebng s\u1ea3n ph\u1ea9m, b\u1edfi ch\u1ec9 khi l\u00e0m vi\u1ec7c v\u1edbi \u0111am m\u00ea, t\u00ednh k\u1ef7 lu\u1eadt cao v\u00e0 l\u00f2ng nhi\u1ec7t huy\u1ebft m\u1edbi \u0111\u01b0\u1ee3c \u0111\u1ec1n \u0111\u00e1p \u0111\u00fang gi\u00e1 tr\u1ecb !!!<\/p>\n<p>S6 GROUP t\u1ef1 tin mang l\u1ea1i cho kh\u00e1ch h\u00e0ng nh\u1eefng s\u1ea3n ph\u1ea9m ho\u00e0n h\u1ea3o, ch\u1ea5t l\u01b0\u1ee3ng t\u1eeb thi\u1ebft k\u1ebf \u0111\u1ebfn thi c\u00f4ng. H\u00e3y \u0111\u1ec3 ch\u00fang t\u00f4i bi\u1ebfn nh\u1eefng \u00fd t\u01b0\u1edfng c\u1ee7a b\u1ea1n tr\u1edf th\u00e0nh th\u1ef1c t\u1ebf !!!<\/p>\n<p>Ch\u00fang t\u00f4i \u0111\u00e3 \u0111\u1ed3ng h\u00e0nh v\u1edbi qu\u00fd kh\u00e1ch h\u00e0ng tr\u00ean m\u1ecdi mi\u1ec1n \u0111\u1ea5t n\u01b0\u1edbc \u0111\u1ec3 ki\u1ebfn t\u1ea1o n\u00ean nh\u1eefng c\u00f4ng tr\u00ecnh tr\u01b0\u1eddng t\u1ed3n c\u00f9ng th\u1eddi gian nh\u01b0: chung c\u01b0 cao c\u1ea5p, bi\u1ec7t th\u1ef1, dinh th\u1ef1, v\u0103n ph\u00f2ng l\u00e0m vi\u1ec7c,\u2026.<\/p>\n<p>V\u1edbi tr\u00e1ch nhi\u1ec7m cao c\u1ea3 l\u00e0m \u0111\u1eb9p cho \u0111\u1eddi \u2013 l\u00e0m vui l\u00f2ng ng\u01b0\u1eddi . S6 GROUP th\u00e0nh l\u1eadp v\u1edbi mong mu\u1ed1n tr\u1edf th\u00e0nh \u0111\u01a1n v\u1ecb tin c\u1eady chuy\u00ean s\u00e2u v\u1ec1 l\u0129nh v\u1ef1c thi\u1ebft k\u1ebf thi c\u00f4ng n\u1ed9i th\u1ea5t c\u0103n h\u1ed9, nh\u00e0 ph\u1ed1, bi\u1ebft th\u1ef1, dinh th\u1ef1 cao c\u1ea5p. Ch\u00fang t\u00f4i t\u1ef1 h\u00e0o l\u00e0 nh\u1eefng chuy\u00ean gia h\u00e0ng \u0111\u1ea7u trong nh\u1eefng gi\u1ea3i ph\u00e1p thi c\u00f4ng x\u00e2y d\u1ef1ng t\u1ea1i Vi\u1ec7t Nam. \u0110\u1ec3 m\u1ed7i c\u00f4ng tr\u00ecnh sau khi ho\u00e0n thi\u1ec7n kh\u00f4ng ch\u1ec9 l\u00e0 n\u01a1i \u0111\u1ec3 \u1edf m\u00e0 \u0111\u00f3 c\u00f2n l\u00e0 ki\u1ec7t t\u00e1c ngh\u1ec7 thu\u1eadt c\u1ee7a ch\u00fang t\u00f4i mang \u0111\u1ebfn cho gia ch\u1ee7. N\u00f3 th\u1ec3 hi\u1ec7n \u0111\u01b0\u1ee3c \u0111\u1eb3ng c\u1ea5p c\u1ee7a gia ch\u1ee7 v\u00e0 mang gi\u00e1 tr\u1ecb v\u01b0\u1ee3t th\u1eddi gian tr\u01b0\u1eddng t\u1ed3n m\u00e3i v\u1ec1 sau<\/p>\n","protected":false},"excerpt":{"rendered":"<p>&nbsp; GI\u1edaI THI\u1ec6U L\u1eddi \u0111\u1ea7u ti\u00ean, S6 GROUP xin g\u1eedi l\u1eddi tri \u00e2n ch\u00e2n th\u00e0nh t\u1edbi qu\u00fd kh\u00e1ch h\u00e0ng \u0111\u00e3 v\u00e0 \u0111ang \u0111\u1ed3ng h\u00e0nh c\u00f9ng ch\u00fang t\u00f4i trong su\u1ed1t th\u1eddi gian qua. L\u00e0 \u0111\u01a1n v\u1ecb chuy\u00ean s\u00e2u v\u1ec1 Thi\u1ebft k\u1ebf v\u00e0 Thi c\u00f4ng N\u1ed9i Th\u1ea5t \u2013 Ngo\u1ea1i Th\u1ea5t, \u0110\u1ed9i ng\u0169 S6 GROUP lu\u00f4n l\u00e0m vi\u1ec7c&#8230;<\/p>\n","protected":false},"author":1,"featured_media":0,"parent":0,"menu_order":13,"comment_status":"closed","ping_status":"closed","template":"","meta":{"footnotes":""},"class_list":["post-84","page","type-page","status-publish","hentry"],"yoast_head":"<!-- This site is optimized with the Yoast SEO plugin v21.6 - https:\/\/yoast.com\/wordpress\/plugins\/seo\/ -->\n<title>Gi\u1edbi thi\u1ec7u - S6 GROUP<\/title>\n<meta name=\"robots\" content=\"noindex, follow, max-snippet:-1, max-image-preview:large, max-video-preview:-1\" \/>\n<meta property=\"og:locale\" content=\"vi_VN\" \/>\n<meta property=\"og:type\" content=\"article\" \/>\n<meta property=\"og:title\" content=\"Gi\u1edbi thi\u1ec7u - S6 GROUP\" \/>\n<meta property=\"og:description\" content=\"&nbsp; GI\u1edaI THI\u1ec6U L\u1eddi \u0111\u1ea7u ti\u00ean, S6 GROUP xin g\u1eedi l\u1eddi tri \u00e2n ch\u00e2n th\u00e0nh t\u1edbi qu\u00fd kh\u00e1ch h\u00e0ng \u0111\u00e3 v\u00e0 \u0111ang \u0111\u1ed3ng h\u00e0nh c\u00f9ng ch\u00fang t\u00f4i trong su\u1ed1t th\u1eddi gian qua. L\u00e0 \u0111\u01a1n v\u1ecb chuy\u00ean s\u00e2u v\u1ec1 Thi\u1ebft k\u1ebf v\u00e0 Thi c\u00f4ng N\u1ed9i Th\u1ea5t \u2013 Ngo\u1ea1i Th\u1ea5t, \u0110\u1ed9i ng\u0169 S6 GROUP lu\u00f4n l\u00e0m vi\u1ec7c...\" \/>\n<meta property=\"og:url\" content=\"https:\/\/noithat58.mauthemewp.com?page_id=84\" \/>\n<meta property=\"og:site_name\" content=\"S6 GROUP\" \/>\n<meta property=\"article:modified_time\" content=\"2023-08-12T02:09:44+00:00\" \/>\n<meta name=\"twitter:card\" content=\"summary_large_image\" \/>\n<meta name=\"twitter:label1\" content=\"\u01af\u1edbc t\u00ednh th\u1eddi gian \u0111\u1ecdc\" \/>\n\t<meta name=\"twitter:data1\" content=\"3 ph\u00fat\" \/>\n<script type=\"application\/ld+json\" class=\"yoast-schema-graph\">{\"@context\":\"https:\/\/schema.org\",\"@graph\":[{\"@type\":\"WebPage\",\"@id\":\"https:\/\/noithat58.mauthemewp.com?page_id=84\",\"url\":\"https:\/\/noithat58.mauthemewp.com?page_id=84\",\"name\":\"Gi\u1edbi thi\u1ec7u - S6 GROUP\",\"isPartOf\":{\"@id\":\"https:\/\/noithat58.mauthemewp.com\/#website\"},\"datePublished\":\"2013-08-11T19:06:15+00:00\",\"dateModified\":\"2023-08-12T02:09:44+00:00\",\"breadcrumb\":{\"@id\":\"https:\/\/noithat58.mauthemewp.com?page_id=84#breadcrumb\"},\"inLanguage\":\"vi\",\"potentialAction\":[{\"@type\":\"ReadAction\",\"target\":[\"https:\/\/noithat58.mauthemewp.com?page_id=84\"]}]},{\"@type\":\"BreadcrumbList\",\"@id\":\"https:\/\/noithat58.mauthemewp.com?page_id=84#breadcrumb\",\"itemListElement\":[{\"@type\":\"ListItem\",\"position\":1,\"name\":\"Trang ch\u1ee7\",\"item\":\"https:\/\/noithat58.mauthemewp.com\"},{\"@type\":\"ListItem\",\"position\":2,\"name\":\"Gi\u1edbi thi\u1ec7u\"}]},{\"@type\":\"WebSite\",\"@id\":\"https:\/\/noithat58.mauthemewp.com\/#website\",\"url\":\"https:\/\/noithat58.mauthemewp.com\/\",\"name\":\"S6 GROUP\",\"description\":\"KI\u1ebeN T\u1ea0O KH\u00d4NG GIAN S\u1ed0NG\",\"potentialAction\":[{\"@type\":\"SearchAction\",\"target\":{\"@type\":\"EntryPoint\",\"urlTemplate\":\"https:\/\/noithat58.mauthemewp.com\/?s={search_term_string}\"},\"query-input\":\"required name=search_term_string\"}],\"inLanguage\":\"vi\"}]}<\/script>\n<!-- \/ Yoast SEO plugin. -->","yoast_head_json":{"title":"Gi\u1edbi thi\u1ec7u - S6 GROUP","robots":{"index":"noindex","follow":"follow","max-snippet":"max-snippet:-1","max-image-preview":"max-image-preview:large","max-video-preview":"max-video-preview:-1"},"og_locale":"vi_VN","og_type":"article","og_title":"Gi\u1edbi thi\u1ec7u - S6 GROUP","og_description":"&nbsp; GI\u1edaI THI\u1ec6U L\u1eddi \u0111\u1ea7u ti\u00ean, S6 GROUP xin g\u1eedi l\u1eddi tri \u00e2n ch\u00e2n th\u00e0nh t\u1edbi qu\u00fd kh\u00e1ch h\u00e0ng \u0111\u00e3 v\u00e0 \u0111ang \u0111\u1ed3ng h\u00e0nh c\u00f9ng ch\u00fang t\u00f4i trong su\u1ed1t th\u1eddi gian qua. L\u00e0 \u0111\u01a1n v\u1ecb chuy\u00ean s\u00e2u v\u1ec1 Thi\u1ebft k\u1ebf v\u00e0 Thi c\u00f4ng N\u1ed9i Th\u1ea5t \u2013 Ngo\u1ea1i Th\u1ea5t, \u0110\u1ed9i ng\u0169 S6 GROUP lu\u00f4n l\u00e0m vi\u1ec7c...","og_url":"https:\/\/noithat58.mauthemewp.com?page_id=84","og_site_name":"S6 GROUP","article_modified_time":"2023-08-12T02:09:44+00:00","twitter_card":"summary_large_image","twitter_misc":{"\u01af\u1edbc t\u00ednh th\u1eddi gian \u0111\u1ecdc":"3 ph\u00fat"},"schema":{"@context":"https:\/\/schema.org","@graph":[{"@type":"WebPage","@id":"https:\/\/noithat58.mauthemewp.com?page_id=84","url":"https:\/\/noithat58.mauthemewp.com?page_id=84","name":"Gi\u1edbi thi\u1ec7u - S6 GROUP","isPartOf":{"@id":"https:\/\/noithat58.mauthemewp.com\/#website"},"datePublished":"2013-08-11T19:06:15+00:00","dateModified":"2023-08-12T02:09:44+00:00","breadcrumb":{"@id":"https:\/\/noithat58.mauthemewp.com?page_id=84#breadcrumb"},"inLanguage":"vi","potentialAction":[{"@type":"ReadAction","target":["https:\/\/noithat58.mauthemewp.com?page_id=84"]}]},{"@type":"BreadcrumbList","@id":"https:\/\/noithat58.mauthemewp.com?page_id=84#breadcrumb","itemListElement":[{"@type":"ListItem","position":1,"name":"Trang ch\u1ee7","item":"https:\/\/noithat58.mauthemewp.com"},{"@type":"ListItem","position":2,"name":"Gi\u1edbi thi\u1ec7u"}]},{"@type":"WebSite","@id":"https:\/\/noithat58.mauthemewp.com\/#website","url":"https:\/\/noithat58.mauthemewp.com\/","name":"S6 GROUP","description":"KI\u1ebeN T\u1ea0O KH\u00d4NG GIAN S\u1ed0NG","potentialAction":[{"@type":"SearchAction","target":{"@type":"EntryPoint","urlTemplate":"https:\/\/noithat58.mauthemewp.com\/?s={search_term_string}"},"query-input":"required name=search_term_string"}],"inLanguage":"vi"}]}},"_links":{"self":[{"href":"https:\/\/noithat58.mauthemewp.com\/index.php?rest_route=\/wp\/v2\/pages\/84","targetHints":{"allow":["GET"]}}],"collection":[{"href":"https:\/\/noithat58.mauthemewp.com\/index.php?rest_route=\/wp\/v2\/pages"}],"about":[{"href":"https:\/\/noithat58.mauthemewp.com\/index.php?rest_route=\/wp\/v2\/types\/page"}],"author":[{"embeddable":true,"href":"https:\/\/noithat58.mauthemewp.com\/index.php?rest_route=\/wp\/v2\/users\/1"}],"replies":[{"embeddable":true,"href":"https:\/\/noithat58.mauthemewp.com\/index.php?rest_route=%2Fwp%2Fv2%2Fcomments&post=84"}],"version-history":[{"count":36,"href":"https:\/\/noithat58.mauthemewp.com\/index.php?rest_route=\/wp\/v2\/pages\/84\/revisions"}],"predecessor-version":[{"id":1542,"href":"https:\/\/noithat58.mauthemewp.com\/index.php?rest_route=\/wp\/v2\/pages\/84\/revisions\/1542"}],"wp:attachment":[{"href":"https:\/\/noithat58.mauthemewp.com\/index.php?rest_route=%2Fwp%2Fv2%2Fmedia&parent=84"}],"curies":[{"name":"wp","href":"https:\/\/api.w.org\/{rel}","templated":true}]}}